{"id":20,"date":"2025-02-28T15:43:01","date_gmt":"2025-02-28T15:43:01","guid":{"rendered":"http:\/\/3dcfg.com\/blog\/"},"modified":"2025-06-03T13:10:35","modified_gmt":"2025-06-03T13:10:35","slug":"blog","status":"publish","type":"page","link":"https:\/\/3dcfg.com\/pl\/blog\/","title":{"rendered":"Blog"},"content":{"rendered":"<div data-elementor-type=\"wp-page\" data-elementor-id=\"20\" class=\"elementor elementor-20\">\n\t\t\t\t<div class=\"elementor-element elementor-element-5c3e1ab e-con-full e-flex e-con e-parent\" data-id=\"5c3e1ab\" data-element_type=\"container\">\n\t\t<div class=\"elementor-element elementor-element-7262cc1 e-con-full e-flex e-con e-child\" data-id=\"7262cc1\" data-element_type=\"container\">\n\t\t\t\t<div class=\"elementor-element elementor-element-a1981f8 elementor-widget elementor-widget-heading\" data-id=\"a1981f8\" data-element_type=\"widget\" data-widget_type=\"heading.default\">\n\t\t\t\t<div class=\"elementor-widget-container\">\n\t\t\t\t\t<h1 class=\"elementor-heading-title elementor-size-default\">Wiedza i inspiracje<\/h1>\t\t\t\t<\/div>\n\t\t\t\t<\/div>\n\t\t\t\t<div class=\"elementor-element elementor-element-2ddaa1f .hero-tagline elementor-widget elementor-widget-heading\" data-id=\"2ddaa1f\" data-element_type=\"widget\" data-widget_type=\"heading.default\">\n\t\t\t\t<div class=\"elementor-widget-container\">\n\t\t\t\t\t<p class=\"elementor-heading-title elementor-size-default\">Odkryj, jak konfiguratory 3D zmieniaj\u0105 spos\u00f3b prezentacji i sprzeda\u017cy produkt\u00f3w.<\/p>\t\t\t\t<\/div>\n\t\t\t\t<\/div>\n\t\t\t\t<div class=\"elementor-element elementor-element-1a0fb32 .hero-description elementor-widget elementor-widget-heading\" data-id=\"1a0fb32\" data-element_type=\"widget\" data-widget_type=\"heading.default\">\n\t\t\t\t<div class=\"elementor-widget-container\">\n\t\t\t\t\t<p class=\"elementor-heading-title elementor-size-default\">Od praktycznych porad i przyk\u0142ad\u00f3w zastosowania, po strategiczne wskaz\u00f3wki \u2013 dzielimy si\u0119 wiedz\u0105, kt\u00f3ra pozwoli Ci wykorzysta\u0107 ca\u0142y potencja\u0142 konfigurator\u00f3w produkt\u00f3w 3D, wyprzedzi\u0107 konkurencj\u0119 i skutecznie promowa\u0107 ofert\u0119 w wirtualnych showroomach 3D.<\/p>\t\t\t\t<\/div>\n\t\t\t\t<\/div>\n\t\t<div class=\"elementor-element elementor-element-1fe6c2c e-con-full elementor-hidden-desktop elementor-hidden-tablet elementor-hidden-mobile e-flex e-con e-child\" data-id=\"1fe6c2c\" data-element_type=\"container\">\n\t\t\t\t<div class=\"elementor-element elementor-element-84d8c9f elementor-align-left elementor-widget elementor-widget-button\" data-id=\"84d8c9f\" data-element_type=\"widget\" data-widget_type=\"button.default\">\n\t\t\t\t<div class=\"elementor-widget-container\">\n\t\t\t\t\t\t\t\t\t<div class=\"elementor-button-wrapper\">\n\t\t\t\t\t<a class=\"elementor-button elementor-button-link elementor-size-sm\" href=\"https:\/\/3dcfg.com\/pl\/3d-configurator-demo\/\">\n\t\t\t\t\t\t<span class=\"elementor-button-content-wrapper\">\n\t\t\t\t\t\t\t\t\t<span class=\"elementor-button-text\">Zobacz demo<\/span>\n\t\t\t\t\t<\/span>\n\t\t\t\t\t<\/a>\n\t\t\t\t<\/div>\n\t\t\t\t\t\t\t\t<\/div>\n\t\t\t\t<\/div>\n\t\t\t\t<div class=\"elementor-element elementor-element-2f49476 elementor-widget elementor-widget-button\" data-id=\"2f49476\" data-element_type=\"widget\" data-widget_type=\"button.default\">\n\t\t\t\t<div class=\"elementor-widget-container\">\n\t\t\t\t\t\t\t\t\t<div class=\"elementor-button-wrapper\">\n\t\t\t\t\t<a class=\"elementor-button elementor-button-link elementor-size-sm\" href=\"#contact\">\n\t\t\t\t\t\t<span class=\"elementor-button-content-wrapper\">\n\t\t\t\t\t\t\t\t\t<span class=\"elementor-button-text\">Napisz do nas<\/span>\n\t\t\t\t\t<\/span>\n\t\t\t\t\t<\/a>\n\t\t\t\t<\/div>\n\t\t\t\t\t\t\t\t<\/div>\n\t\t\t\t<\/div>\n\t\t\t\t<\/div>\n\t\t\t\t<\/div>\n\t\t<div class=\"elementor-element elementor-element-0090f15 e-con-full e-flex e-con e-child\" data-id=\"0090f15\" data-element_type=\"container\">\n\t\t\t\t<div class=\"elementor-element elementor-element-290df75 elementor-widget elementor-widget-image\" data-id=\"290df75\" data-element_type=\"widget\" data-widget_type=\"image.default\">\n\t\t\t\t<div class=\"elementor-widget-container\">\n\t\t\t\t\t\t\t\t\t\t\t\t\t\t\t<img fetchpriority=\"high\" decoding=\"async\" width=\"1024\" height=\"683\" src=\"https:\/\/3dcfg.com\/wp-content\/uploads\/2025\/05\/Blog-cover-for-3D-configurator-insights-and-product-visualization-strategies-1024x683.webp\" class=\"attachment-large size-large wp-image-406\" alt=\"Blog cover for 3D configurator insights and product visualization strategies\" srcset=\"https:\/\/3dcfg.com\/wp-content\/uploads\/2025\/05\/Blog-cover-for-3D-configurator-insights-and-product-visualization-strategies-1024x683.webp 1024w, https:\/\/3dcfg.com\/wp-content\/uploads\/2025\/05\/Blog-cover-for-3D-configurator-insights-and-product-visualization-strategies-300x200.webp 300w, https:\/\/3dcfg.com\/wp-content\/uploads\/2025\/05\/Blog-cover-for-3D-configurator-insights-and-product-visualization-strategies-768x512.webp 768w, https:\/\/3dcfg.com\/wp-content\/uploads\/2025\/05\/Blog-cover-for-3D-configurator-insights-and-product-visualization-strategies.webp 1536w\" sizes=\"(max-width: 1024px) 100vw, 1024px\" \/>\t\t\t\t\t\t\t\t\t\t\t\t\t\t\t<\/div>\n\t\t\t\t<\/div>\n\t\t\t\t<\/div>\n\t\t\t\t<\/div>\n\t\t<div class=\"elementor-element elementor-element-294471f e-con-full e-flex e-con e-parent\" data-id=\"294471f\" data-element_type=\"container\">\n\t\t\t\t<div class=\"elementor-element elementor-element-2ccb7a3 elementor-widget__width-inherit premium-blog-align-left elementor-widget elementor-widget-premium-addon-blog\" data-id=\"2ccb7a3\" data-element_type=\"widget\" data-settings=\"{&quot;premium_blog_columns_number&quot;:&quot;25%&quot;,&quot;premium_blog_grid&quot;:&quot;yes&quot;,&quot;premium_blog_layout&quot;:&quot;even&quot;,&quot;premium_blog_columns_number_tablet&quot;:&quot;50%&quot;,&quot;premium_blog_columns_number_mobile&quot;:&quot;100%&quot;}\" data-widget_type=\"premium-addon-blog.default\">\n\t\t\t\t<div class=\"elementor-widget-container\">\n\t\t\t\t\t\n\t\t\t\t<div class=\"premium-blog-wrap  premium-blog-even\" data-page=\"20\">\n\t\t\t\t\t<div class=\"premium-blog-post-outer-container\" data-total=\"1\">\n\t\t\t<div class=\"premium-blog-post-container premium-blog-skin-classic\">\n\t\t\t\t\t\t\t\t\t<div class=\"premium-blog-thumb-effect-wrapper\">\n\t\t\t\t\t\t<div class=\"premium-blog-thumbnail-container premium-blog-zoomin-effect\">\n\t\t\t\t\t\t\t<img decoding=\"async\" width=\"1536\" height=\"1024\" src=\"https:\/\/3dcfg.com\/wp-content\/uploads\/2025\/05\/Interactive-3D-configurator-interface-for-product-customization.webp\" class=\"attachment-full size-full wp-image-382\" alt=\"Interactive 3D configurator interface for product customization\" srcset=\"https:\/\/3dcfg.com\/wp-content\/uploads\/2025\/05\/Interactive-3D-configurator-interface-for-product-customization.webp 1536w, https:\/\/3dcfg.com\/wp-content\/uploads\/2025\/05\/Interactive-3D-configurator-interface-for-product-customization-300x200.webp 300w, https:\/\/3dcfg.com\/wp-content\/uploads\/2025\/05\/Interactive-3D-configurator-interface-for-product-customization-1024x683.webp 1024w, https:\/\/3dcfg.com\/wp-content\/uploads\/2025\/05\/Interactive-3D-configurator-interface-for-product-customization-768x512.webp 768w\" sizes=\"(max-width: 1536px) 100vw, 1536px\" \/>\t\t\t\t\t\t<\/div>\n\t\t\t\t\t\t\t\t\t\t\t\t\t<div class=\"premium-blog-thumbnail-overlay\">\n\t\t\t\t\t\t\t\t<a class=\"elementor-icon\" href=\"https:\/\/3dcfg.com\/pl\/what-is-a-3d-configurator\/\" target=\"_blank\"><\/a>\n\t\t\t\t\t\t\t<\/div>\n\n\t\t\t\t\t\t\t\t\t\t\t\t\t\t\t\t\t\t<\/div>\n\t\t\t\t\t\t\t\t\t\t\t\t<div class=\"premium-blog-content-wrapper\">\n\n\t\t\t\t\t<div class=\"premium-blog-inner-container\">\n\n\t\t\t\t\t\t\t\t\t\t\t\t\t\t<h2 class=\"premium-blog-entry-title\">\n\t\t\t<a href=\"https:\/\/3dcfg.com\/pl\/what-is-a-3d-configurator\/\" target=\"_blank\">\n\t\t\t\tCo to jest konfigurator 3D i jak dzia\u0142a?\t\t\t<\/a>\n\t\t<\/h2>\n\t\t\t\t<div class=\"premium-blog-entry-meta\">\n\t\t\t\t\t\t\t<div class=\"premium-blog-post-author premium-blog-meta-data\">\n\t\t\t\t\t<i class=\"fa fa-user fa-fw\" aria-hidden=\"true\"><\/i>\n\t\t\t\t\t<a href=\"https:\/\/3dcfg.com\/pl\/author\/admin\/\" title=\"Wpisy od Kris\" rel=\"author\">Kris<\/a>\t\t\t\t<\/div>\n\t\t\t\n\t\t\t\t\t\t\t<span class=\"premium-blog-meta-separator\">\u2022<\/span>\n\t\t\t\t<div class=\"premium-blog-post-time premium-blog-meta-data\">\n\t\t\t\t\t<i class=\"fa fa-calendar-alt\" aria-hidden=\"true\"><\/i>\n\t\t\t\t\t<span>30 maja, 2025<\/span>\n\t\t\t\t<\/div>\n\t\t\t\n\t\t\t\n\t\t\t\t\t<\/div>\n\t\t\n\t\t\t\t\t<\/div>\n\n\t\t\t\t\t\t\t<div class=\"premium-blog-content-inner-wrapper\">\n\t\t<p class=\"premium-blog-post-content\">Tw\u00f3j klient chce dzi\u015b czego\u015b wi\u0119cej ni\u017c \u0142adnego zdj\u0119cia.\n\nChce zrozumie\u0107, jak produkt b\u0119dzie wygl\u0105da\u0142, dzia\u0142a\u0142 i pasowa\u0142 do jego sytuacji \u2014 zanim ...<\/p>\t\t<\/div>\n\t\t\t\t\t\t\t\n\t\t\t\t<\/div>\n\t\t\t<\/div>\n\t\t<\/div>\n\n\t\t\t\t<div class=\"premium-blog-post-outer-container\" data-total=\"1\">\n\t\t\t<div class=\"premium-blog-post-container premium-blog-skin-classic\">\n\t\t\t\t\t\t\t\t\t<div class=\"premium-blog-thumb-effect-wrapper\">\n\t\t\t\t\t\t<div class=\"premium-blog-thumbnail-container premium-blog-zoomin-effect\">\n\t\t\t\t\t\t\t<img decoding=\"async\" width=\"1536\" height=\"1024\" src=\"https:\/\/3dcfg.com\/wp-content\/uploads\/2025\/06\/customer-exploring-a-3D-configurator-interface-to-customize-a-product-2.webp\" class=\"attachment-full size-full wp-image-428\" alt=\"customer exploring a 3D configurator interface to customize a product\" srcset=\"https:\/\/3dcfg.com\/wp-content\/uploads\/2025\/06\/customer-exploring-a-3D-configurator-interface-to-customize-a-product-2.webp 1536w, https:\/\/3dcfg.com\/wp-content\/uploads\/2025\/06\/customer-exploring-a-3D-configurator-interface-to-customize-a-product-2-300x200.webp 300w, https:\/\/3dcfg.com\/wp-content\/uploads\/2025\/06\/customer-exploring-a-3D-configurator-interface-to-customize-a-product-2-1024x683.webp 1024w, https:\/\/3dcfg.com\/wp-content\/uploads\/2025\/06\/customer-exploring-a-3D-configurator-interface-to-customize-a-product-2-768x512.webp 768w\" sizes=\"(max-width: 1536px) 100vw, 1536px\" \/>\t\t\t\t\t\t<\/div>\n\t\t\t\t\t\t\t\t\t\t\t\t\t<div class=\"premium-blog-thumbnail-overlay\">\n\t\t\t\t\t\t\t\t<a class=\"elementor-icon\" href=\"https:\/\/3dcfg.com\/pl\/your-product-deserves-more-than-a-photo\/\" target=\"_blank\"><\/a>\n\t\t\t\t\t\t\t<\/div>\n\n\t\t\t\t\t\t\t\t\t\t\t\t\t\t\t\t\t\t<\/div>\n\t\t\t\t\t\t\t\t\t\t\t\t<div class=\"premium-blog-content-wrapper\">\n\n\t\t\t\t\t<div class=\"premium-blog-inner-container\">\n\n\t\t\t\t\t\t\t\t\t\t\t\t\t\t<h2 class=\"premium-blog-entry-title\">\n\t\t\t<a href=\"https:\/\/3dcfg.com\/pl\/your-product-deserves-more-than-a-photo\/\" target=\"_blank\">\n\t\t\t\tTw\u00f3j produkt zas\u0142uguje na wi\u0119cej ni\u017c zdj\u0119cie. Twoi klienci te\u017c.\t\t\t<\/a>\n\t\t<\/h2>\n\t\t\t\t<div class=\"premium-blog-entry-meta\">\n\t\t\t\t\t\t\t<div class=\"premium-blog-post-author premium-blog-meta-data\">\n\t\t\t\t\t<i class=\"fa fa-user fa-fw\" aria-hidden=\"true\"><\/i>\n\t\t\t\t\t<a href=\"https:\/\/3dcfg.com\/pl\/author\/admin\/\" title=\"Wpisy od Kris\" rel=\"author\">Kris<\/a>\t\t\t\t<\/div>\n\t\t\t\n\t\t\t\t\t\t\t<span class=\"premium-blog-meta-separator\">\u2022<\/span>\n\t\t\t\t<div class=\"premium-blog-post-time premium-blog-meta-data\">\n\t\t\t\t\t<i class=\"fa fa-calendar-alt\" aria-hidden=\"true\"><\/i>\n\t\t\t\t\t<span>2 czerwca, 2025<\/span>\n\t\t\t\t<\/div>\n\t\t\t\n\t\t\t\n\t\t\t\t\t<\/div>\n\t\t\n\t\t\t\t\t<\/div>\n\n\t\t\t\t\t\t\t<div class=\"premium-blog-content-inner-wrapper\">\n\t\t<p class=\"premium-blog-post-content\">Masz produkt, kt\u00f3ry robi wra\u017cenie. Dopracowany, elastyczny, lepszy ni\u017c konkurencja. Ale czy spos\u00f3b, w jaki go pokazujesz, naprawd\u0119 oddaje jego potencja\u0142? Je\u015bli Twoja prezentacja ...<\/p>\t\t<\/div>\n\t\t\t\t\t\t\t\n\t\t\t\t<\/div>\n\t\t\t<\/div>\n\t\t<\/div>\n\n\t\t\t\t<div class=\"premium-blog-post-outer-container\" data-total=\"1\">\n\t\t\t<div class=\"premium-blog-post-container premium-blog-skin-classic\">\n\t\t\t\t\t\t\t\t\t<div class=\"premium-blog-thumb-effect-wrapper\">\n\t\t\t\t\t\t<div class=\"premium-blog-thumbnail-container premium-blog-zoomin-effect\">\n\t\t\t\t\t\t\t<img loading=\"lazy\" decoding=\"async\" width=\"1536\" height=\"1024\" src=\"https:\/\/3dcfg.com\/wp-content\/uploads\/2025\/06\/product-color-change-in-a-3D-configurator-interface.webp\" class=\"attachment-full size-full wp-image-437\" alt=\"illustration showing product color change in a 3D configurator interface\" srcset=\"https:\/\/3dcfg.com\/wp-content\/uploads\/2025\/06\/product-color-change-in-a-3D-configurator-interface.webp 1536w, https:\/\/3dcfg.com\/wp-content\/uploads\/2025\/06\/product-color-change-in-a-3D-configurator-interface-300x200.webp 300w, https:\/\/3dcfg.com\/wp-content\/uploads\/2025\/06\/product-color-change-in-a-3D-configurator-interface-1024x683.webp 1024w, https:\/\/3dcfg.com\/wp-content\/uploads\/2025\/06\/product-color-change-in-a-3D-configurator-interface-768x512.webp 768w\" sizes=\"(max-width: 1536px) 100vw, 1536px\" \/>\t\t\t\t\t\t<\/div>\n\t\t\t\t\t\t\t\t\t\t\t\t\t<div class=\"premium-blog-thumbnail-overlay\">\n\t\t\t\t\t\t\t\t<a class=\"elementor-icon\" href=\"https:\/\/3dcfg.com\/pl\/3d-configurator-new-product-variants\/\" target=\"_blank\"><\/a>\n\t\t\t\t\t\t\t<\/div>\n\n\t\t\t\t\t\t\t\t\t\t\t\t\t\t\t\t\t\t<\/div>\n\t\t\t\t\t\t\t\t\t\t\t\t<div class=\"premium-blog-content-wrapper\">\n\n\t\t\t\t\t<div class=\"premium-blog-inner-container\">\n\n\t\t\t\t\t\t\t\t\t\t\t\t\t\t<h2 class=\"premium-blog-entry-title\">\n\t\t\t<a href=\"https:\/\/3dcfg.com\/pl\/3d-configurator-new-product-variants\/\" target=\"_blank\">\n\t\t\t\tNowy kolor produktu? W konfiguratorze to prostsze (i ta\u0144sze) ni\u017c my\u015blisz\t\t\t<\/a>\n\t\t<\/h2>\n\t\t\t\t<div class=\"premium-blog-entry-meta\">\n\t\t\t\t\t\t\t<div class=\"premium-blog-post-author premium-blog-meta-data\">\n\t\t\t\t\t<i class=\"fa fa-user fa-fw\" aria-hidden=\"true\"><\/i>\n\t\t\t\t\t<a href=\"https:\/\/3dcfg.com\/pl\/author\/admin\/\" title=\"Wpisy od Kris\" rel=\"author\">Kris<\/a>\t\t\t\t<\/div>\n\t\t\t\n\t\t\t\t\t\t\t<span class=\"premium-blog-meta-separator\">\u2022<\/span>\n\t\t\t\t<div class=\"premium-blog-post-time premium-blog-meta-data\">\n\t\t\t\t\t<i class=\"fa fa-calendar-alt\" aria-hidden=\"true\"><\/i>\n\t\t\t\t\t<span>3 czerwca, 2025<\/span>\n\t\t\t\t<\/div>\n\t\t\t\n\t\t\t\n\t\t\t\t\t<\/div>\n\t\t\n\t\t\t\t\t<\/div>\n\n\t\t\t\t\t\t\t<div class=\"premium-blog-content-inner-wrapper\">\n\t\t<p class=\"premium-blog-post-content\">Nowy sezon, nowy trend, nowy pomys\u0142. Chcesz doda\u0107 kolor lub wariant produktu \u2013 tylko po to, \u017ceby sprawdzi\u0107, czy klienci b\u0119d\u0105 tym zainteresowani. I nagle okazuje si\u0119 ...<\/p>\t\t<\/div>\n\t\t\t\t\t\t\t\n\t\t\t\t<\/div>\n\t\t\t<\/div>\n\t\t<\/div>\n\n\t\t\t\t<div class=\"premium-blog-post-outer-container\" data-total=\"1\">\n\t\t\t<div class=\"premium-blog-post-container premium-blog-skin-classic\">\n\t\t\t\t\t\t\t\t\t<div class=\"premium-blog-thumb-effect-wrapper\">\n\t\t\t\t\t\t<div class=\"premium-blog-thumbnail-container premium-blog-zoomin-effect\">\n\t\t\t\t\t\t\t<img loading=\"lazy\" decoding=\"async\" width=\"1344\" height=\"896\" src=\"https:\/\/3dcfg.com\/wp-content\/uploads\/2025\/10\/post-4.png\" class=\"attachment-full size-full wp-image-474\" alt=\"\" srcset=\"https:\/\/3dcfg.com\/wp-content\/uploads\/2025\/10\/post-4.png 1344w, https:\/\/3dcfg.com\/wp-content\/uploads\/2025\/10\/post-4-300x200.png 300w, https:\/\/3dcfg.com\/wp-content\/uploads\/2025\/10\/post-4-1024x683.png 1024w, https:\/\/3dcfg.com\/wp-content\/uploads\/2025\/10\/post-4-768x512.png 768w, https:\/\/3dcfg.com\/wp-content\/uploads\/2025\/10\/post-4-18x12.png 18w\" sizes=\"(max-width: 1344px) 100vw, 1344px\" \/>\t\t\t\t\t\t<\/div>\n\t\t\t\t\t\t\t\t\t\t\t\t\t<div class=\"premium-blog-thumbnail-overlay\">\n\t\t\t\t\t\t\t\t<a class=\"elementor-icon\" href=\"https:\/\/3dcfg.com\/pl\/what-the-process-of-implementing-a-3d-configurator-looks-like-step-by-step\/\" target=\"_blank\"><\/a>\n\t\t\t\t\t\t\t<\/div>\n\n\t\t\t\t\t\t\t\t\t\t\t\t\t\t\t\t\t\t<\/div>\n\t\t\t\t\t\t\t\t\t\t\t\t<div class=\"premium-blog-content-wrapper\">\n\n\t\t\t\t\t<div class=\"premium-blog-inner-container\">\n\n\t\t\t\t\t\t\t\t\t\t\t\t\t\t<h2 class=\"premium-blog-entry-title\">\n\t\t\t<a href=\"https:\/\/3dcfg.com\/pl\/what-the-process-of-implementing-a-3d-configurator-looks-like-step-by-step\/\" target=\"_blank\">\n\t\t\t\tJak wygl\u0105da proces wdro\u017cenia konfiguratora 3D \u2013 krok po kroku\t\t\t<\/a>\n\t\t<\/h2>\n\t\t\t\t<div class=\"premium-blog-entry-meta\">\n\t\t\t\t\t\t\t<div class=\"premium-blog-post-author premium-blog-meta-data\">\n\t\t\t\t\t<i class=\"fa fa-user fa-fw\" aria-hidden=\"true\"><\/i>\n\t\t\t\t\t<a href=\"https:\/\/3dcfg.com\/pl\/author\/admin\/\" title=\"Wpisy od Kris\" rel=\"author\">Kris<\/a>\t\t\t\t<\/div>\n\t\t\t\n\t\t\t\t\t\t\t<span class=\"premium-blog-meta-separator\">\u2022<\/span>\n\t\t\t\t<div class=\"premium-blog-post-time premium-blog-meta-data\">\n\t\t\t\t\t<i class=\"fa fa-calendar-alt\" aria-hidden=\"true\"><\/i>\n\t\t\t\t\t<span>23 pa\u017adziernika, 2025<\/span>\n\t\t\t\t<\/div>\n\t\t\t\n\t\t\t\n\t\t\t\t\t<\/div>\n\t\t\n\t\t\t\t\t<\/div>\n\n\t\t\t\t\t\t\t<div class=\"premium-blog-content-inner-wrapper\">\n\t\t<p class=\"premium-blog-post-content\">Coraz wi\u0119cej producent\u00f3w i sprzedawc\u00f3w decyduje si\u0119, aby wdro\u017cy\u0107 konfigurator 3D na swoich stronach.\nTo narz\u0119dzie, kt\u00f3re pozwala klientowi zobaczy\u0107 produkt w czasie...<\/p>\t\t<\/div>\n\t\t\t\t\t\t\t\n\t\t\t\t<\/div>\n\t\t\t<\/div>\n\t\t<\/div>\n\n\t\t\t\t<\/div>\n\n\t\t\t\t\t\t<\/div>\n\t\t\t\t<\/div>\n\t\t\t\t<\/div>\n\t\t\t\t<\/div>","protected":false},"excerpt":{"rendered":"<p>Insights &amp; Ideas Explore how 3D configurators change the way products are presented and sold. From practical tips and use cases to strategic insights \u2013 this is where we share what works, what\u2019s next, and how to stay ahead in digital product presentation. See the demo Get in touch What is a 3D configurator and&#8230;<\/p>","protected":false},"author":1,"featured_media":0,"parent":0,"menu_order":0,"comment_status":"closed","ping_status":"closed","template":"elementor_header_footer","meta":{"_monsterinsights_skip_tracking":false,"_monsterinsights_sitenote_active":false,"_monsterinsights_sitenote_note":"","_monsterinsights_sitenote_category":0,"_kad_post_transparent":"","_kad_post_title":"hide","_kad_post_layout":"fullwidth","_kad_post_sidebar_id":"","_kad_post_content_style":"unboxed","_kad_post_vertical_padding":"hide","_kad_post_feature":"hide","_kad_post_feature_position":"","_kad_post_header":false,"_kad_post_footer":false,"footnotes":""},"class_list":["post-20","page","type-page","status-publish","hentry"],"aioseo_notices":[],"_links":{"self":[{"href":"https:\/\/3dcfg.com\/pl\/wp-json\/wp\/v2\/pages\/20","targetHints":{"allow":["GET"]}}],"collection":[{"href":"https:\/\/3dcfg.com\/pl\/wp-json\/wp\/v2\/pages"}],"about":[{"href":"https:\/\/3dcfg.com\/pl\/wp-json\/wp\/v2\/types\/page"}],"author":[{"embeddable":true,"href":"https:\/\/3dcfg.com\/pl\/wp-json\/wp\/v2\/users\/1"}],"replies":[{"embeddable":true,"href":"https:\/\/3dcfg.com\/pl\/wp-json\/wp\/v2\/comments?post=20"}],"version-history":[{"count":26,"href":"https:\/\/3dcfg.com\/pl\/wp-json\/wp\/v2\/pages\/20\/revisions"}],"predecessor-version":[{"id":477,"href":"https:\/\/3dcfg.com\/pl\/wp-json\/wp\/v2\/pages\/20\/revisions\/477"}],"wp:attachment":[{"href":"https:\/\/3dcfg.com\/pl\/wp-json\/wp\/v2\/media?parent=20"}],"curies":[{"name":"wp","href":"https:\/\/api.w.org\/{rel}","templated":true}]}}